{"id":694,"date":"2017-05-25T09:31:16","date_gmt":"2017-05-25T09:31:16","guid":{"rendered":"http:\/\/okthemes.com\/luxwinedemo-light\/?page_id=694"},"modified":"2026-02-12T11:34:45","modified_gmt":"2026-02-12T10:34:45","slug":"about-us","status":"publish","type":"page","link":"https:\/\/ilsosso.it\/it\/about-us","title":{"rendered":"Chi siamo"},"content":{"rendered":"<div class=\"wpb-content-wrapper\"><p>[vc_row full_width=&#8221;stretch_row_content_no_spaces&#8221; css=&#8221;.vc_custom_1548254184000{background-image: url(https:\/\/ilsosso.it\/wp-content\/uploads\/2019\/01\/home-slide-02-ok.jpg?id=1506) !important;background-position: center !important;background-repeat: no-repeat !important;background-size: cover !important;}&#8221;][vc_column]\n\t<div class=\"title-subtitle-box   \" style=\" text-align: center;\">\n\t\t<h1 style=\" font-size:54px; line-height: normal; text-transform: uppercase; font-weight: 400; letter-spacing: 0px;\" >CHI<br \/>SIAMO<\/h1>\n\t\t<div class=\"subtitle\" style=\"\"><p style=\"text-align: center; font-size: 20px;\"><span style=\"color: #ffffff;\"><b>&#8211; FAMIGLIA RAVAGLIOLI &#8211;<\/b><\/span><\/p>\n<\/div>\n\t<\/div> [\/vc_column][\/vc_row][vc_row css=&#8221;.vc_custom_1548092139104{margin-top: 20px !important;margin-bottom: 2px !important;padding-top: 10px !important;padding-bottom: 3px !important;}&#8221;][vc_column][vc_column_text]<\/p>\n<p style=\"text-align: center;\">La <strong>Tenuta \u201cIl Sosso\u201d<\/strong> si trova nel comune di Lucignano, borgo medievale di rara bellezza, che segna il confine tra le province di Arezzo e Siena.<br \/>\nI terreni sono situati prevalentemente in media collina e fanno da contorno allo splendido casale Leopoldino (fiore all\u2019occhiello della tenuta) risalente alla seconda met\u00e0 del Settecento, che racconta la Toscana del Granduca Pietro Leopoldo e oggi ne fa un angolo prezioso e unico di questo lembo di regione.<br \/>\nL\u2019azienda \u00e8 di propriet\u00e0 della famiglia Ravaglioli da ormai tre generazioni ed \u00e8 esattamente dal 1965 (anno in cui fu acquistata la propriet\u00e0) che viene dedicata la stessa infinita passione alla coltivazione dei vigneti e alla ricerca continua della qualit\u00e0, nel rispetto dell\u2019ambiente e della sanit\u00e0 delle produzioni.<br \/>\nDal 2004 viene compiuto il salto di qualit\u00e0: la costruzione del nuovo centro aziendale con la moderna cantina, il progressivo rinnovamento dei vigneti con uno sguardo particolare al Sangiovese e la scelta di imbottigliare i nostri vini, puntando sulla valorizzazione della tipicit\u00e0 e l\u2019unicit\u00e0 del territorio, sempre mantenendo un forte legame con la tradizione.<\/p>\n<p>[\/vc_column_text][\/vc_column][\/vc_row][vc_row css=&#8221;.vc_custom_1548255389593{margin-top: 0px !important;margin-bottom: 0px !important;padding-top: 0px !important;padding-bottom: 0px !important;}&#8221;][vc_column][vc_single_image image=&#8221;1798&#8243; img_size=&#8221;full&#8221;][\/vc_column][\/vc_row][vc_row full_width=&#8221;stretch_row&#8221; parallax=&#8221;content-moving&#8221; parallax_image=&#8221;1698&#8243; css=&#8221;.vc_custom_1548255497500{border-bottom-width: 33px !important;padding-top: 33px !important;}&#8221;][vc_column width=&#8221;1\/2&#8243;][vc_column_text css=&#8221;.vc_custom_1548255712320{padding-top: 22px !important;}&#8221;]<\/p>\n<h3 style=\"text-align: left;\"><span style=\"color: #000000;\">La voglia di sperimentare ed esplorare le potenzialit\u00e0 del Sangiovese\u00a0che qui in Toscana trova la sua massima espressione<\/span><\/h3>\n<p>[\/vc_column_text][\/vc_column][vc_column width=&#8221;1\/2&#8243;][\/vc_column][\/vc_row]<\/p>\n<\/div>","protected":false},"excerpt":{"rendered":"<p>[vc_row full_width=&#8221;stretch_row_content_no_spaces&#8221; css=&#8221;.vc_custom_1548254184000{background-image: url(https:\/\/ilsosso.it\/wp-content\/uploads\/2019\/01\/home-slide-02-ok.jpg?id=1506) !important;background-position: center !important;background-repeat: no-repeat !important;background-size: cover !important;}&#8221;][vc_column][\/vc_column][\/vc_row][vc_row css=&#8221;.vc_custom_1548092139104{margin-top: 20px !important;margin-bottom: 2px !important;padding-top: 10px !important;padding-bottom: 3px !important;}&#8221;][vc_column][vc_column_text] La Tenuta \u201cIl Sosso\u201d si trova nel comune di Lucignano, borgo medievale di rara bellezza, che segna il confine tra le province di Arezzo e Siena. I terreni sono situati prevalentemente in media collina e<br class=\"read-more-spacer\"> <a class=\"more-link\" href=\"https:\/\/ilsosso.it\/it\/about-us\">Read More<\/a><\/p>\n","protected":false},"author":1,"featured_media":0,"parent":0,"menu_order":0,"comment_status":"closed","ping_status":"closed","template":"","meta":{"footnotes":""},"class_list":["post-694","page","type-page","status-publish","hentry"],"_links":{"self":[{"href":"https:\/\/ilsosso.it\/it\/wp-json\/wp\/v2\/pages\/694","targetHints":{"allow":["GET"]}}],"collection":[{"href":"https:\/\/ilsosso.it\/it\/wp-json\/wp\/v2\/pages"}],"about":[{"href":"https:\/\/ilsosso.it\/it\/wp-json\/wp\/v2\/types\/page"}],"author":[{"embeddable":true,"href":"https:\/\/ilsosso.it\/it\/wp-json\/wp\/v2\/users\/1"}],"replies":[{"embeddable":true,"href":"https:\/\/ilsosso.it\/it\/wp-json\/wp\/v2\/comments?post=694"}],"version-history":[{"count":51,"href":"https:\/\/ilsosso.it\/it\/wp-json\/wp\/v2\/pages\/694\/revisions"}],"predecessor-version":[{"id":2948,"href":"https:\/\/ilsosso.it\/it\/wp-json\/wp\/v2\/pages\/694\/revisions\/2948"}],"wp:attachment":[{"href":"https:\/\/ilsosso.it\/it\/wp-json\/wp\/v2\/media?parent=694"}],"curies":[{"name":"wp","href":"https:\/\/api.w.org\/{rel}","templated":true}]}}