{"id":3009,"date":"2025-01-14T17:02:31","date_gmt":"2025-01-14T16:02:31","guid":{"rendered":"https:\/\/ilsosso.it\/it\/?page_id=3009"},"modified":"2025-01-24T17:45:31","modified_gmt":"2025-01-24T16:45:31","slug":"bianco-i-g-t-toscana-albico","status":"publish","type":"page","link":"https:\/\/ilsosso.it\/it\/products\/bianco-i-g-t-toscana-albico","title":{"rendered":"BIANCO I.G.T. TOSCANA \u201cALBICO\u201d"},"content":{"rendered":"<div class=\"wpb-content-wrapper\"><p>[vc_row equal_height=&#8221;yes&#8221; content_placement=&#8221;middle&#8221;][vc_column width=&#8221;1\/2&#8243; css=&#8221;.vc_custom_1502115962210{padding: 10% !important;}&#8221;]\n\t<div class=\"title-subtitle-box   \" style=\" text-align: center;\">\n\t\t<h1 style=\" font-style: italic; text-transform: uppercase; font-weight: 400; letter-spacing: 0px;\" >\u201cALBICO\u201d<br \/>BIANCO I.G.T. TOSCANA<\/h1>\n\t\t<div class=\"subtitle\" style=\"\"><p style=\"text-align: center;\"><em>Un nuovo vino che racconta una storia antica ma anche uno sguardo al futuro con la dedica alla quarta generazione della famiglia, ovvero ALessandro, BIanca e Costanza, cos\u00ec nasce ALBICO. Viene prodotto con le migliori uve di Chardonnay, Viognier e Sauvignon, vinificato ed affinato in anfore di cocciopesto, contenitore usato sin dai tempi dei Romani, e gi\u00e0 prima conosciuto dai Fenici. Questo materiale, grazie alla sua microposit\u00e0 e la conseguente microssigenazione, esalta qualit\u00e0 organolettiche e aroma del vino senza rilasciare alcun sentore, rappresentando inoltre un affascinante connubio tra passato e presente, unendo le antiche tecniche di vinificazione con le moderne.<\/em><\/p>\n<\/div>\n\t\t<hr class=\"has-bottomline\"  \/>\n\t<\/div> [vc_column_text]<strong>UVAGGIO:<br \/>\n<\/strong>Chardonnay, Viognier e Sauvignon in percentuali variabili a seconda dell&#8217;annata.<\/p>\n<p><strong>UBICAZIONE VIGNETI: <\/strong>Media Collina 300 mt s.l.m.<\/p>\n<p><strong>TERRENO: <\/strong>Medio impasto con strati limosi, tufacei, argillosi.<\/p>\n<p><strong>SISTEMA DI ALLEVAMENTO: <\/strong>Guyot semplice<\/p>\n<p><strong>DENSITA&#8217; DI IMPIANTO: <\/strong>4.700 ceppi per ettaro<\/p>\n<p><strong>MICROCLIMA:<br \/>\n<\/strong>Condizioni microclimatiche ottimali con sostanziali differenze termiche tra il giorno e la notte, ideali per lo sviluppo e il mantenimento delle sostanze coloranti ed aromatiche.<\/p>\n<p><strong>PRODUZIONE IN VINO: <\/strong>Non superiore a 50 hl\/ha<\/p>\n<p><strong>VENDEMMIA:<br \/>\n<\/strong>Manuale in piccole cassette di plastica con selezione dei grappoli in base al grado di maturazione.<\/p>\n<p><strong>VINIFICAZIONE E MATURAZIONE:<br \/>\n<\/strong>Una volta diraspata e dolcemente pigiata l&#8217;uva, il mosto viene fermentato in anfore di cocciopesto con breve macerazione a contatto con le bucce. Terminata la fermentazione, fa seguito una maturazione di minimo 6 mesi ancora in anfora sulle fecce nobili rilasciate dai lieviti, per poi essere successivamente travasato e preparato all&#8217;imbottigliamento. Prima di essere messo in commercio, ALBICO riposa per alcuni mesi in bottiglia.<\/p>\n<p><strong>NOTE DI DEGUSTAZIONE:<br \/>\n<\/strong>Vino dal colore intermedio fra l\u2019oro ed il giallo paglierino intenso. L\u2019affinamento in cocciopesto permette di esaltare un ricco bouquet di frutta tropicale, pompelmo e pesca bianca, ravvivati da note di bosso e tracce di idrocarburo. In bocca rivela un piacevole senso di freschezza e sapidit\u00e0 unito ad una giusta persistenza. La chiusura lascia assaporare ancora la complessit\u00e0 e i gentili echi minerali.<\/p>\n<p><strong>TEMPERATURA DI SERVIZIO: <\/strong>10 -12\u00b0C<\/p>\n<p><strong>ABBINAMENTI:<br \/>\n<\/strong>Cucina asiatica, risotti ai funghi, formaggi erborinati, secondi piatti di carne bianca o tartare, crudit\u00e8 di pesce, gamberi e qualsiasi tipo di pesce al forno.[\/vc_column_text][vc_btn title=&#8221;Scheda tecnica&#8221; style=&#8221;custom&#8221; custom_background=&#8221;#998067&#8243; custom_text=&#8221;#ffffff&#8221; shape=&#8221;square&#8221; link=&#8221;url:https%3A%2F%2Filsosso.it%2Fwp-content%2Fuploads%2F2025%2F01%2FAlbico_compressed.pdf||target:%20_blank|&#8221;][vc_btn title=&#8221;Acquista&#8221; style=&#8221;custom&#8221; custom_background=&#8221;#998067&#8243; custom_text=&#8221;#ffffff&#8221; shape=&#8221;square&#8221; link=&#8221;url:https%3A%2F%2Fairwns.com%2Fil-sosso%2Fvini%2Falbico-toscana-bianco-igt-0%2F||target:%20_blank|&#8221;][\/vc_column][vc_column width=&#8221;1\/2&#8243;][vc_single_image image=&#8221;3038&#8243; img_size=&#8221;large&#8221; alignment=&#8221;center&#8221;][\/vc_column][\/vc_row]<\/p>\n<\/div>","protected":false},"excerpt":{"rendered":"<p>[vc_row equal_height=&#8221;yes&#8221; content_placement=&#8221;middle&#8221;][vc_column width=&#8221;1\/2&#8243; css=&#8221;.vc_custom_1502115962210{padding: 10% !important;}&#8221;][vc_column_text]UVAGGIO: Chardonnay, Viognier e Sauvignon in percentuali variabili a seconda dell&#8217;annata. UBICAZIONE VIGNETI: Media Collina 300 mt s.l.m. TERRENO: Medio impasto con strati limosi, tufacei, argillosi. SISTEMA DI ALLEVAMENTO: Guyot semplice DENSITA&#8217; DI IMPIANTO: 4.700 ceppi per ettaro MICROCLIMA: Condizioni microclimatiche ottimali con sostanziali differenze termiche tra il giorno<br class=\"read-more-spacer\"> <a class=\"more-link\" href=\"https:\/\/ilsosso.it\/it\/products\/bianco-i-g-t-toscana-albico\">Read More<\/a><\/p>\n","protected":false},"author":3,"featured_media":0,"parent":1552,"menu_order":0,"comment_status":"closed","ping_status":"closed","template":"","meta":{"footnotes":""},"class_list":["post-3009","page","type-page","status-publish","hentry"],"_links":{"self":[{"href":"https:\/\/ilsosso.it\/it\/wp-json\/wp\/v2\/pages\/3009","targetHints":{"allow":["GET"]}}],"collection":[{"href":"https:\/\/ilsosso.it\/it\/wp-json\/wp\/v2\/pages"}],"about":[{"href":"https:\/\/ilsosso.it\/it\/wp-json\/wp\/v2\/types\/page"}],"author":[{"embeddable":true,"href":"https:\/\/ilsosso.it\/it\/wp-json\/wp\/v2\/users\/3"}],"replies":[{"embeddable":true,"href":"https:\/\/ilsosso.it\/it\/wp-json\/wp\/v2\/comments?post=3009"}],"version-history":[{"count":35,"href":"https:\/\/ilsosso.it\/it\/wp-json\/wp\/v2\/pages\/3009\/revisions"}],"predecessor-version":[{"id":3187,"href":"https:\/\/ilsosso.it\/it\/wp-json\/wp\/v2\/pages\/3009\/revisions\/3187"}],"up":[{"embeddable":true,"href":"https:\/\/ilsosso.it\/it\/wp-json\/wp\/v2\/pages\/1552"}],"wp:attachment":[{"href":"https:\/\/ilsosso.it\/it\/wp-json\/wp\/v2\/media?parent=3009"}],"curies":[{"name":"wp","href":"https:\/\/api.w.org\/{rel}","templated":true}]}}