{"id":2216,"date":"2021-06-07T17:16:57","date_gmt":"2021-06-07T15:16:57","guid":{"rendered":"https:\/\/ilsosso.it\/?page_id=2216"},"modified":"2026-02-12T11:43:40","modified_gmt":"2026-02-12T10:43:40","slug":"sustainability","status":"publish","type":"page","link":"https:\/\/ilsosso.it\/it\/sustainability","title":{"rendered":"Sostenibilit\u00e0"},"content":{"rendered":"<div class=\"wpb-content-wrapper\"><p>[vc_row full_width=&#8221;stretch_row_content_no_spaces&#8221; css=&#8221;.vc_custom_1623079220324{background-image: url(https:\/\/ilsosso.it\/wp-content\/uploads\/2019\/05\/chi-siaamo-il-sosso.jpg?id=1989) !important;background-position: center !important;background-repeat: no-repeat !important;background-size: cover !important;}&#8221;][vc_column]\n\t<div class=\"title-subtitle-box   \" style=\" text-align: center;\">\n\t\t<h1 style=\" font-size:54px; line-height: normal; text-transform: uppercase; font-weight: 400; letter-spacing: 0px;\" >Sostenibilit\u00e0<\/h1>\n\t\t<div class=\"subtitle\" style=\"\"><p style=\"text-align: center; font-size: 20px;\"><span style=\"color: #ffffff;\"><b>&#8211; CERTIFICAZIONE SQNPI &#8211;<\/b><\/span><\/p>\n<\/div>\n\t<\/div> [\/vc_column][\/vc_row][vc_row css=&#8221;.vc_custom_1548092139104{margin-top: 20px !important;margin-bottom: 2px !important;padding-top: 10px !important;padding-bottom: 3px !important;}&#8221;][vc_column][vc_column_text]<\/p>\n<p style=\"text-align: center;\">Negli ultimi anni nella nostra azienda \u00e8 in corso un\u2019approfondita analisi dei processi produttivi con l\u2019intento di razionalizzare tutti gli interventi legati alla gestione del suolo e alla difesa del prodotto: abolizione dei diserbanti, prevalente utilizzo di concimi organici e dei sovesci, lavorazioni profonde autunnali e inerbimento degli interfilari, raccolta e analisi dei dati metereologici, installazione e monitoraggio delle trappole per il controllo della tignola e della mosca dell\u2019olivo, rispetto delle soglie di intervento con l\u2019applicazione del disciplinare regionale di difesa integrata e con l\u2019implementazione dalla campagna 2021 del processo per la certificazione nazionale di qualit\u00e0 e sostenibilit\u00e0 \u201cSQNPI\u201d<\/p>\n<p>[\/vc_column_text][\/vc_column][\/vc_row][vc_row css=&#8221;.vc_custom_1548255389593{margin-top: 0px !important;margin-bottom: 0px !important;padding-top: 0px !important;padding-bottom: 0px !important;}&#8221;][vc_column][vc_single_image image=&#8221;2217&#8243; img_size=&#8221;300&#215;365&#8243; alignment=&#8221;center&#8221;][\/vc_column][\/vc_row][vc_row css=&#8221;.vc_custom_1548092139104{margin-top: 20px !important;margin-bottom: 2px !important;padding-top: 10px !important;padding-bottom: 3px !important;}&#8221;][vc_column][vc_column_text]<\/p>\n<p style=\"text-align: center;\">Grande attenzione \u00e8 rivolta al controllo continuo in campo del ciclo vegetativo della vite, svolto con competenza e grande esperienza direttamente dai proprietari, Alberto ed Elisabetta agronomi e Tommaso enologo, che insieme prendono le decisioni sulle scelte colturali da adottare, con lo scopo di ottenere produzioni di alta qualit\u00e0 e sanit\u00e0, a garanzia del consumatore sempre pi\u00f9 attento al rispetto dell\u2019ambiente e dei prodotti che consuma.<br \/>\nNon facciamo distinzioni tra agricoltura integrata o biologica, il nostro intento \u00e8 fare \u201cagricoltura sostenibile\u201d che vuol dire fare solo quello che serve, solo dove e quando serve, seguendo gli insegnamenti della tradizione uniti all\u2019innovazione.<br \/>\nCerchiamo di interpretare l\u2019annata e le condizioni ambientali e non seguendo sempre e comunque una ricetta predefinita.<\/p>\n<p>[\/vc_column_text][\/vc_column][\/vc_row]<\/p>\n<\/div>","protected":false},"excerpt":{"rendered":"<p>[vc_row full_width=&#8221;stretch_row_content_no_spaces&#8221; css=&#8221;.vc_custom_1623079220324{background-image: url(https:\/\/ilsosso.it\/wp-content\/uploads\/2019\/05\/chi-siaamo-il-sosso.jpg?id=1989) !important;background-position: center !important;background-repeat: no-repeat !important;background-size: cover !important;}&#8221;][vc_column][\/vc_column][\/vc_row][vc_row css=&#8221;.vc_custom_1548092139104{margin-top: 20px !important;margin-bottom: 2px !important;padding-top: 10px !important;padding-bottom: 3px !important;}&#8221;][vc_column][vc_column_text] Negli ultimi anni nella nostra azienda \u00e8 in corso un\u2019approfondita analisi dei processi produttivi con l\u2019intento di razionalizzare tutti gli interventi legati alla gestione del suolo e alla difesa del prodotto: abolizione dei diserbanti, prevalente<br class=\"read-more-spacer\"> <a class=\"more-link\" href=\"https:\/\/ilsosso.it\/it\/sustainability\">Read More<\/a><\/p>\n","protected":false},"author":3,"featured_media":0,"parent":0,"menu_order":0,"comment_status":"closed","ping_status":"closed","template":"","meta":{"footnotes":""},"class_list":["post-2216","page","type-page","status-publish","hentry"],"_links":{"self":[{"href":"https:\/\/ilsosso.it\/it\/wp-json\/wp\/v2\/pages\/2216","targetHints":{"allow":["GET"]}}],"collection":[{"href":"https:\/\/ilsosso.it\/it\/wp-json\/wp\/v2\/pages"}],"about":[{"href":"https:\/\/ilsosso.it\/it\/wp-json\/wp\/v2\/types\/page"}],"author":[{"embeddable":true,"href":"https:\/\/ilsosso.it\/it\/wp-json\/wp\/v2\/users\/3"}],"replies":[{"embeddable":true,"href":"https:\/\/ilsosso.it\/it\/wp-json\/wp\/v2\/comments?post=2216"}],"version-history":[{"count":14,"href":"https:\/\/ilsosso.it\/it\/wp-json\/wp\/v2\/pages\/2216\/revisions"}],"predecessor-version":[{"id":2479,"href":"https:\/\/ilsosso.it\/it\/wp-json\/wp\/v2\/pages\/2216\/revisions\/2479"}],"wp:attachment":[{"href":"https:\/\/ilsosso.it\/it\/wp-json\/wp\/v2\/media?parent=2216"}],"curies":[{"name":"wp","href":"https:\/\/api.w.org\/{rel}","templated":true}]}}