{"id":1588,"date":"2019-01-02T19:16:23","date_gmt":"2019-01-02T18:16:23","guid":{"rendered":"https:\/\/ilsosso.it\/?page_id=1588"},"modified":"2025-01-24T16:37:12","modified_gmt":"2025-01-24T15:37:12","slug":"poggio-falcone-igt","status":"publish","type":"page","link":"https:\/\/ilsosso.it\/it\/products\/poggio-falcone-igt","title":{"rendered":"ROSSO DI TOSCANA I.G.T \u201cPOGGIO FALCONE\u201d"},"content":{"rendered":"<div class=\"wpb-content-wrapper\"><p>[vc_row equal_height=&#8221;yes&#8221; content_placement=&#8221;middle&#8221;][vc_column width=&#8221;1\/2&#8243; css=&#8221;.vc_custom_1502115962210{padding: 10% !important;}&#8221;]\n\t<div class=\"title-subtitle-box   \" style=\" text-align: center;\">\n\t\t<h1 style=\" font-style: italic; text-transform: uppercase; font-weight: 400; letter-spacing: 0px;\" >\u201cPOGGIO FALCONE\u201d ROSSO DI TOSCANA I.G.T.<\/h1>\n\t\t<div class=\"subtitle\" style=\"\"><p><em>Poggio Falcone \u00e8 il vero cru della nostra linea e porta il nome del nostro vigneto pi\u00f9 esposto. Blend composto principalmente da uve Sangiovese, e completato da variet\u00e0 internazionali come Cabernet Sauvignon, Merlot e Petit Verdot accuratamente selezionate in fase di raccolta. Maturato in fusti di rovere di piccola capacit\u00e0, completa il suo affinamento in bottiglia. Vino avvolgente e<br \/>\ndi grande persistenza, ma comunque equilibrato grazie ad un&#8217; importante struttura<br \/>\ne tenore alcolico si presta ad un lungo invecchiamento.<\/em><\/p>\n<\/div>\n\t\t<hr class=\"has-bottomline\"  \/>\n\t<\/div> [vc_column_text]<strong>UVAGGIO<\/strong><strong>:<\/strong> Sangiovese, Cabernet Sauvignon, Merlot ed eventuali altri vitigni in percentuale<br \/>\nvariabile a seconda dell\u2019annata<\/p>\n<p><strong>UBICAZIONE VIGNETI<\/strong><strong>:\u00a0<\/strong>Media collina 150-200 mt s.l.m<\/p>\n<p><strong>TERRENO:\u00a0<\/strong>Medio impasto con strati limosi, tufacei e argillosi<\/p>\n<p><strong>SISTEMA DI ALLEVAMENTO: <\/strong>Guyot semplice<\/p>\n<p><strong>DENSITA\u2019 DI IMPIANTO:\u00a0<\/strong>4.700 ceppi per ettaro nei nuovi impianti<br \/>\n3.000 ceppi per ettaro nei vecchi impianti<\/p>\n<p><strong>MICROCLIMA:<br \/>\n<\/strong>Condizioni microclimatiche ottimali con sostanziali differenze termiche<br \/>\ntra il giorno e la notte, ideali per lo sviluppo e il mantenimento delle sostanze<br \/>\ncoloranti ed aromatiche.<\/p>\n<p><strong>PRODUZIONE IN VINO: <\/strong>Non superiore a 50 hl\/ha<\/p>\n<p><strong>VENDEMMIA: <\/strong>Manuale con selezione dei grappoli in base al grado di maturazione.<br \/>\nRaccolta separata per le singole variet\u00e0.<\/p>\n<p><strong>\u00a0<\/strong><strong>VINIFICAZIONE E MATURAZIONE<\/strong>: Fermentazione a temperatura controllata in serbatoi di acciaio inox con frequenti rimontaggi e d\u00e8lestage. Lunga macerazione del mosto con le vinacce per ottimizzare l\u2019estrazione. Il successivo affinamento in barriques e tonneaux di rovere francese per almeno 24 mesi precede l\u2019imbottigliamento, a cui fa seguito una ulteriore maturazione in bottiglia per alcuni mesi prima della messa in commercio.<\/p>\n<p><strong>NOTE DI DEGUSTAZIONE:<\/strong> Di colore rosso rubino intenso con riflessi granati, Poggio Falcone si distingue al naso per la sua complessit\u00e0 ed eleganza, caratterizzata da frutti neri maturi, ai quali si uniscono sentori di tabacco, caff\u00e8, spezie dolci e note balsamiche. Al palato \u00e8 armonioso, vivace, di ottima struttura, equilibrato da una vibrante acidit\u00e0 e da tannini morbidi e setosi, che donano un finale di grande persistenza. Vino che pu\u00f2 essere apprezzato per molti anni a venire.<\/p>\n<p><strong>\u00a0<\/strong><strong>TEMPERATURA DI SERVIZIO:\u00a0<\/strong>18-20\u00b0C<\/p>\n<p><strong>ABBINAMENTI:<\/strong> Zuppe di funghi e primi piatti conditi con sughi di carne, carni grigliate e formaggi stagionati. Risulta ideale con arrosti, brasati e selvaggina.[\/vc_column_text][vc_btn title=&#8221;Scheda tecnica&#8221; style=&#8221;custom&#8221; custom_background=&#8221;#998067&#8243; custom_text=&#8221;#ffffff&#8221; shape=&#8221;square&#8221; link=&#8221;url:https%3A%2F%2Filsosso.it%2Fwp-content%2Fuploads%2F2019%2F02%2Frosso-di-toscana-poggio-falcone-IT.pdf||target:%20_blank|&#8221;][vc_btn title=&#8221;Acquista&#8221; style=&#8221;custom&#8221; custom_background=&#8221;#998067&#8243; custom_text=&#8221;#ffffff&#8221; shape=&#8221;square&#8221; link=&#8221;url:https%3A%2F%2Fairwns.com%2Fil-sosso%2Fvini%2Frosso-di-toscana-igt-poggio-falcone-2018%2F||target:%20_blank|&#8221;][\/vc_column][vc_column width=&#8221;1\/2&#8243;][vc_single_image image=&#8221;3029&#8243; img_size=&#8221;full&#8221; alignment=&#8221;center&#8221;][\/vc_column][\/vc_row]<\/p>\n<\/div>","protected":false},"excerpt":{"rendered":"<p>[vc_row equal_height=&#8221;yes&#8221; content_placement=&#8221;middle&#8221;][vc_column width=&#8221;1\/2&#8243; css=&#8221;.vc_custom_1502115962210{padding: 10% !important;}&#8221;][vc_column_text]UVAGGIO: Sangiovese, Cabernet Sauvignon, Merlot ed eventuali altri vitigni in percentuale variabile a seconda dell\u2019annata UBICAZIONE VIGNETI:\u00a0Media collina 150-200 mt s.l.m TERRENO:\u00a0Medio impasto con strati limosi, tufacei e argillosi SISTEMA DI ALLEVAMENTO: Guyot semplice DENSITA\u2019 DI IMPIANTO:\u00a04.700 ceppi per ettaro nei nuovi impianti 3.000 ceppi per ettaro nei vecchi<br class=\"read-more-spacer\"> <a class=\"more-link\" href=\"https:\/\/ilsosso.it\/it\/products\/poggio-falcone-igt\">Read More<\/a><\/p>\n","protected":false},"author":1,"featured_media":0,"parent":1552,"menu_order":0,"comment_status":"closed","ping_status":"closed","template":"","meta":{"footnotes":""},"class_list":["post-1588","page","type-page","status-publish","hentry"],"_links":{"self":[{"href":"https:\/\/ilsosso.it\/it\/wp-json\/wp\/v2\/pages\/1588","targetHints":{"allow":["GET"]}}],"collection":[{"href":"https:\/\/ilsosso.it\/it\/wp-json\/wp\/v2\/pages"}],"about":[{"href":"https:\/\/ilsosso.it\/it\/wp-json\/wp\/v2\/types\/page"}],"author":[{"embeddable":true,"href":"https:\/\/ilsosso.it\/it\/wp-json\/wp\/v2\/users\/1"}],"replies":[{"embeddable":true,"href":"https:\/\/ilsosso.it\/it\/wp-json\/wp\/v2\/comments?post=1588"}],"version-history":[{"count":43,"href":"https:\/\/ilsosso.it\/it\/wp-json\/wp\/v2\/pages\/1588\/revisions"}],"predecessor-version":[{"id":3181,"href":"https:\/\/ilsosso.it\/it\/wp-json\/wp\/v2\/pages\/1588\/revisions\/3181"}],"up":[{"embeddable":true,"href":"https:\/\/ilsosso.it\/it\/wp-json\/wp\/v2\/pages\/1552"}],"wp:attachment":[{"href":"https:\/\/ilsosso.it\/it\/wp-json\/wp\/v2\/media?parent=1588"}],"curies":[{"name":"wp","href":"https:\/\/api.w.org\/{rel}","templated":true}]}}