{"id":1552,"date":"2019-01-02T18:29:02","date_gmt":"2019-01-02T17:29:02","guid":{"rendered":"https:\/\/ilsosso.it\/?page_id=1552"},"modified":"2026-02-12T11:51:03","modified_gmt":"2026-02-12T10:51:03","slug":"products","status":"publish","type":"page","link":"https:\/\/ilsosso.it\/it\/products","title":{"rendered":"Prodotti"},"content":{"rendered":"<div class=\"wpb-content-wrapper\"><p>[vc_row css=&#8221;.vc_custom_1546451749487{margin-top: 0px !important;margin-bottom: 0px !important;border-top-width: 0px !important;border-bottom-width: 0px !important;padding-top: 0px !important;padding-bottom: 0px !important;}&#8221;][vc_column][vc_raw_html]JTBBJTIwJTIwJTIwJTIwJTIwJTIwJTIwJTIwJTIwJTIwJTIwJTIwJTIwJTIwJTIwJTIwJTIwJTIwJTIwJTIwJTIwJTIwJTIwJTIwJTNDaDElMjBzdHlsZSUzRCUyMnRleHQtYWxpZ24lM0FjZW50ZXIlM0IlMjIlM0VQcm9kb3R0aSUzQyUyRmgxJTNFJTBBJTIwJTIwJTNDaHIlMjBjbGFzcyUzRCUyMnBpY2NvbG9ociUyMiUzRQ==[\/vc_raw_html][vc_empty_space height=&#8221;15px&#8221;]\n\t<blockquote  class=\"gg-vc-quote \">\n\t\u201cNei nostri prodotti vi \u00e8 l\u2019essenza del nostro lavoro, ci\u00f2 che sappiamo fare da pi\u00f9 di 50 anni. Ogni nostro vino nasce dal rispetto della tradizione abbinata ad un uso sapiente delle nuove tecnologie\u201d\n\t<\/blockquote>[vc_column_text]<\/p>\n<p style=\"text-align: center;\">Tutti i nostri prodotti sono in vendita presso il Wine Shop aziendale e online.<\/p>\n<p>&nbsp;<\/p>\n<h2 style=\"text-align: center;\"><strong>Orari di apertura Wine Shop:<\/strong><\/h2>\n<p style=\"text-align: center;\">dal luned\u00ec a venerd\u00ec:\u00a0 \u00a0 9.30-12.30 \/ 15:30-18:30<\/p>\n<p style=\"text-align: center;\">Sabato: 9:30-12:30<\/p>\n<p style=\"text-align: center;\">Giorno di chiusura: Domeniche e festivi<\/p>\n<p style=\"text-align: center;\">Il Wine Shop rimane a disposizione nei giorni e orari di apertura<\/p>\n<p style=\"text-align: center;\">per la vendita e la degustazione dei nostri prodotti.<\/p>\n<p>[\/vc_column_text][\/vc_column][\/vc_row][vc_row css=&#8221;.vc_custom_1546452252097{margin-bottom: 27px !important;padding-bottom: 0px !important;}&#8221;][vc_column][vc_row_inner][vc_column_inner width=&#8221;1\/3&#8243; el_id=&#8221;1&#8243;]\n\t<div class=\"gg-team-member \" style=\"text-align:center;\">\n\t\t<figure>\n\t\t<div class=\"sadie-effect\"> <img decoding=\"async\" class=\"wp-post-image\" src=\"https:\/\/ilsosso.it\/wp-content\/uploads\/2025\/01\/HD-Il-Sosso-botiglie-Pienza-2018-1151-Modifica-scaled.jpg\" alt=\"\" \/> <\/div>\n\t\t<figcaption>\n\t\t<p class=\"position\"><\/p>\n\t\t<h3>SBIZZ\u00ecO CHARDONNAY IGT TOSCANA<\/h3>\n\t\t<div class=\"description\"><p>Un omaggio a Domenico, fondatore con il fratello Antonio della tenuta di famiglia e per alcuni di noi prozio, Sbizz\u00edo nell\u2019antico dialetto locale. Con questo vino vogliamo raccontare la nostra regione anche da una prospettiva diversa, e cio\u00e8 attraverso la produzione di bianco, sia pure con vitigni internazionali, in cui la profondit\u00e0 dello Chardonnay e gli aromi del Viognier si fondono in un insieme sapido e aromatico allo stesso tempo.<\/p>\n<p><a href=\"https:\/\/ilsosso.it\/it\/shop\/chardonnay-di-toscana-igt-detail\">Leggi tutto<\/a><\/p>\n<\/div>\n\t\t<\/figcaption>\n\t\t<\/figure>\n\t<\/div> [\/vc_column_inner][vc_column_inner width=&#8221;1\/3&#8243; el_id=&#8221;2&#8243;]\n\t<div class=\"gg-team-member \" style=\"text-align:center;\">\n\t\t<figure>\n\t\t<div class=\"sadie-effect\"> <img decoding=\"async\" class=\"wp-post-image\" src=\"https:\/\/ilsosso.it\/wp-content\/uploads\/2022\/01\/bottiglia-mockup-ROSATO-mari.png\" alt=\"\" \/> <\/div>\n\t\t<figcaption>\n\t\t<p class=\"position\"><\/p>\n\t\t<h3>MAR\u00ec ROSATO IGT TOSCANA<\/h3>\n\t\t<div class=\"description\"><p>Marisa, per decenni sorgente di coraggio e tenacia per la nostra famiglia, \u00e8 stata fonte d\u2019ispirazione per la produzione di questo rosato giovane e dinamico, diretta espressione di un territorio vivace e intraprendente. Per anni associato dall\u2019immaginario collettivo ad un vino da consumo estivo, con questa nostra versione vogliamo invece proporlo come prodotto adatto a tutte le occasioni e le stagioni.<\/p>\n<p><a href=\"https:\/\/ilsosso.it\/shop\/rosato-toscana-igt\/\">Leggi tutto<\/a><\/p>\n<\/div>\n\t\t<\/figcaption>\n\t\t<\/figure>\n\t<\/div> [\/vc_column_inner][vc_column_inner width=&#8221;1\/3&#8243; el_id=&#8221;3&#8243;]\n\t<div class=\"gg-team-member \" style=\"text-align:center;\">\n\t\t<figure>\n\t\t<div class=\"sadie-effect\"> <img decoding=\"async\" class=\"wp-post-image\" src=\"https:\/\/ilsosso.it\/wp-content\/uploads\/2025\/01\/bottiglia-ALBICO-1.png\" alt=\"\" \/> <\/div>\n\t\t<figcaption>\n\t\t<p class=\"position\"><\/p>\n\t\t<h3>ALBICO BIANCO IGT TOSCANA<\/h3>\n\t\t<div class=\"description\"><p>Un nuovo vino che racconta una storia antica ma anche uno sguardo al futuro con la dedica alla quarta generazione della famiglia, ovvero ALessandro, BIanca e Costanza, cos\u00ec nasce ALBICO. Viene prodotto con le migliori uve di Chardonnay, Viognier e Sauvignon, vinificato ed affinato in anfore di cocciopesto, contenitore usato sin dai tempi dei Romani, e gi\u00e0 prima conosciuto dai Fenici. Questo materiale, grazie alla sua microposit\u00e0 e la conseguente microssigenazione, esalta qualit\u00e0 organolettiche e aroma del vino senza rilasciare alcun sentore, rappresentando inoltre un affascinante connubio tra passato e presente, unendo le antiche tecniche di vinificazione con le moderne.<\/p>\n<p><a href=\"https:\/\/ilsosso.it\/it\/shop\/bianco-i-g-t-toscana-albico\">Leggi tutto<\/a><\/p>\n<\/div>\n\t\t<\/figcaption>\n\t\t<\/figure>\n\t<\/div> [\/vc_column_inner][\/vc_row_inner][\/vc_column][\/vc_row][vc_row css=&#8221;.vc_custom_1546452258820{margin-top: 0px !important;margin-bottom: 27px !important;padding-top: 0px !important;padding-bottom: 0px !important;}&#8221;][vc_column][vc_row_inner][vc_column_inner width=&#8221;1\/3&#8243; el_id=&#8221;4&#8243;]\n\t<div class=\"gg-team-member \" style=\"text-align:center;\">\n\t\t<figure>\n\t\t<div class=\"sadie-effect\"> <img decoding=\"async\" class=\"wp-post-image\" src=\"https:\/\/ilsosso.it\/wp-content\/uploads\/2019\/02\/sor-tonino-web.png\" alt=\"\" \/> <\/div>\n\t\t<figcaption>\n\t\t<p class=\"position\"><\/p>\n\t\t<h3>SOR TONINO SANGIOVESE IGT TOSCANA<\/h3>\n\t\t<div class=\"description\"><p>Fresco ed estremamente versatile nelle occasioni di consumo, questo vino riflette la perfetta espressione del principale vitigno toscano, il Sangiovese, emblema della viticoltura toscana ma soprattutto vera grande passione di Antonio, per tutti \u201cTonino\u201d, fondatore della tenuta assieme al fratello Domenico.<\/p>\n<p><a href=\"https:\/\/ilsosso.it\/it\/shop\/vino-rosso-rosso-di-toscana-igt-sor-tonino-detail\">Leggi tutto<\/a><\/p>\n<\/div>\n\t\t<\/figcaption>\n\t\t<\/figure>\n\t<\/div> [\/vc_column_inner][vc_column_inner width=&#8221;1\/3&#8243; el_id=&#8221;5&#8243;]\n\t<div class=\"gg-team-member \" style=\"text-align:center;\">\n\t\t<figure>\n\t\t<div class=\"sadie-effect\"> <img decoding=\"async\" class=\"wp-post-image\" src=\"https:\/\/ilsosso.it\/wp-content\/uploads\/2019\/02\/chianti-web.png\" alt=\"\" \/> <\/div>\n\t\t<figcaption>\n\t\t<p class=\"position\"><\/p>\n\t\t<h3>IL SOSSO CHIANTI DOCG<\/h3>\n\t\t<div class=\"description\"><p>Fedele alla migliore tradizione toscana, questo Chianti \u00e8 un vino giovane, fruttato, morbido, pronto al consumo nella primavera successiva la vendemmia. Il nostro obiettivo \u00e8 quello di produrre Chianti come quello di una volta, ma rivisitato in chiave moderna: tutto ci\u00f2 grazie all\u2019utilizzo di vitigni classici come Sangiovese, Canaiolo e Colorino vinificati seguendo le pi\u00f9 innovative tecniche di vinificazione. Dal pranzo alla cena, tante possibilit\u00e0 di accompagnamento per un vino senza tempo che sa unire tradizione e innovazione.<\/p>\n<p><a href=\"https:\/\/ilsosso.it\/shop\/chianti\/\">Leggi tutto<\/a><\/p>\n<\/div>\n\t\t<\/figcaption>\n\t\t<\/figure>\n\t<\/div> [\/vc_column_inner][vc_column_inner width=&#8221;1\/3&#8243; el_id=&#8221;6&#8243;]\n\t<div class=\"gg-team-member \" style=\"text-align:center;\">\n\t\t<figure>\n\t\t<div class=\"sadie-effect\"> <img decoding=\"async\" class=\"wp-post-image\" src=\"https:\/\/ilsosso.it\/wp-content\/uploads\/2019\/02\/ricordo-web.png\" alt=\"\" \/> <\/div>\n\t\t<figcaption>\n\t\t<p class=\"position\"><\/p>\n\t\t<h3>RICORDO CHIANTI RISERVA DOCG<\/h3>\n\t\t<div class=\"description\"><p>Espressione pi\u00f9 elegante del nostro Sangiovese legato al nostro territorio, Ricordo vuole essere un omaggio alla memoria di tutti i nostri familiari che negli anni, mossi dalla grande passione e dal grande amore per la produzione di vino di qualit\u00e0, hanno plasmato la nostra azienda. Prodotto solamente nelle migliori vendemmie e frutto di una scrupolosa selezione manuale in vigna, questa Riserva racchiude intensit\u00e0 e freschezza in armonia con una complessit\u00e0 aromatica e una struttura che ne garantisce longevit\u00e0.<\/p>\n<p><a href=\"https:\/\/ilsosso.it\/shop\/ricordo-chianti-riserva\/\">Leggi tutto<\/a><\/p>\n<\/div>\n\t\t<\/figcaption>\n\t\t<\/figure>\n\t<\/div> [\/vc_column_inner][\/vc_row_inner][\/vc_column][\/vc_row][vc_row css=&#8221;.vc_custom_1546452258820{margin-top: 0px !important;margin-bottom: 27px !important;padding-top: 0px !important;padding-bottom: 0px !important;}&#8221;][vc_column][vc_row_inner][vc_column_inner width=&#8221;1\/3&#8243;]\n\t<div class=\"gg-team-member \" style=\"text-align:center;\">\n\t\t<figure>\n\t\t<div class=\"sadie-effect\"> <img decoding=\"async\" class=\"wp-post-image\" src=\"https:\/\/ilsosso.it\/wp-content\/uploads\/2019\/02\/poggio-falcone-web.png\" alt=\"\" \/> <\/div>\n\t\t<figcaption>\n\t\t<p class=\"position\"><\/p>\n\t\t<h3>POGGIO FALCONE IGT SUPERTUSCAN<\/h3>\n\t\t<div class=\"description\"><p>Vero cru della tenuta e prodotto esclusivamente nelle migliori annate, Poggio Falcone rappresenta un valido esempio di vini toscani di nuova generazione divenuti famosi ed apprezzati come \u201cSupertuscans\u201d. Questo vino porta il nome del nostro vigneto pi\u00f9 esposto in cui il carattere e l\u2019eleganza del Sangiovese si fondono in maniera complementare con la potenza dei vitigni internazionali dando vita ad un vino di grande concentrazione e struttura.<\/p>\n<p><a href=\"https:\/\/ilsosso.it\/shop\/poggio-falcone-igt\/\">Leggi tutto<\/a><\/p>\n<\/div>\n\t\t<\/figcaption>\n\t\t<\/figure>\n\t<\/div> [\/vc_column_inner][vc_column_inner width=&#8221;1\/3&#8243;]\n\t<div class=\"gg-team-member \" style=\"text-align:center;\">\n\t\t<figure>\n\t\t<div class=\"sadie-effect\"> <img decoding=\"async\" class=\"wp-post-image\" src=\"https:\/\/ilsosso.it\/wp-content\/uploads\/2019\/02\/VINSANTO-web.png\" alt=\"\" \/> <\/div>\n\t\t<figcaption>\n\t\t<p class=\"position\"><\/p>\n\t\t<h3>VECCHIETTO DEGLI ACCARIGI VIN SANTO DEL CHIANTI DOC<\/h3>\n\t\t<div class=\"description\"><p>Per secoli simbolo dell\u2019accoglienza nelle case contadine toscane, il nostro Vin Santo deve il suo nome al primo nobile divenuto potest\u00e0 a Lucignano nel lontano 1299. Prodotto da uve Trebbiano Toscano e Malvasia Bianca con appassimento in vigna e lenta maturazione in caratelli, questo Vin Santo \u00e8 inoltre dedicato ai nostri avi che ci hanno tramandato questa splendida usanza.<\/p>\n<p><a href=\"https:\/\/ilsosso.it\/shop\/vecchietto-degli-accarigi\/\">Leggi tutto<\/a><\/p>\n<\/div>\n\t\t<\/figcaption>\n\t\t<\/figure>\n\t<\/div> [\/vc_column_inner][vc_column_inner width=&#8221;1\/3&#8243;]\n\t<div class=\"gg-team-member \" style=\"text-align:center;\">\n\t\t<figure>\n\t\t<div class=\"sadie-effect\"> <img decoding=\"async\" class=\"wp-post-image\" src=\"https:\/\/ilsosso.it\/wp-content\/uploads\/2019\/01\/olio-web.png\" alt=\"\" \/> <\/div>\n\t\t<figcaption>\n\t\t<p class=\"position\"><\/p>\n\t\t<h3>IL SOSSO OLIO EXTRA VERGINE DI OLIVA<\/h3>\n\t\t<div class=\"description\"><p>Da sempre tutta la nostra famiglia, oltre alla coltura della vite, ha avuto a cuore l\u2019olivicoltura, con la messa a dimora delle prime piante a cultivar toscane subito dopo aver acquistato la propriet\u00e0. Grazie alla lavorazione a freddo ed alla raccolta precoce delle olive, il nostro olio \u00e8 caratterizzato da un\u2019acidit\u00e0 molto bassa e da un buon equilibrio tra l\u2019amaro e il piccante.<\/p>\n<p><a href=\"https:\/\/ilsosso.it\/shop\/olio-extra-vergine-di-oliva\/\">Leggi tutto<\/a><\/p>\n<\/div>\n\t\t<\/figcaption>\n\t\t<\/figure>\n\t<\/div> [\/vc_column_inner][\/vc_row_inner][\/vc_column][\/vc_row][vc_row][vc_column][vc_raw_js]JTNDc2NyaXB0JTIwdHlwZSUzRCUyMnRleHQlMkZqYXZhc2NyaXB0JTIyJTNFJTIwJTBBJTBBalF1ZXJ5JTI4ZG9jdW1lbnQlMjkucmVhZHklMjhmdW5jdGlvbiUyOCUyOSUyMCU3QiUwQSUyMCUyMCUyMCUyMGpRdWVyeSUyOCUyMiUyMzElMjIlMjkuY2xpY2slMjhmdW5jdGlvbiUyOCUyOSU3QiUwQSUyMCUyMCUyMCUyMCUyMCUyMCUyMCUyMCUyMHdpbmRvdy5sb2NhdGlvbiUzRGpRdWVyeSUyOHRoaXMlMjkuZmluZCUyOCUyMmElMjIlMjkuYXR0ciUyOCUyMmhyZWYlMjIlMjklM0IlMEElMjAlMjAlMjAlMjAlMjAlMjAlMjAlMjAlMjByZXR1cm4lMjBmYWxzZSUzQiUwQSUyMCUyMCUyMCUyMCU3RCUyOSUzQiUwQSU3RCUyOSUzQiUwQSUyMCUzQyUyRnNjcmlwdCUzRSUwQSUzQ3NjcmlwdCUyMHR5cGUlM0QlMjJ0ZXh0JTJGamF2YXNjcmlwdCUyMiUzRSUyMCUwQSUwQWpRdWVyeSUyOGRvY3VtZW50JTI5LnJlYWR5JTI4ZnVuY3Rpb24lMjglMjklMjAlN0IlMEElMjAlMjAlMjAlMjBqUXVlcnklMjglMjIlMjMyJTIyJTI5LmNsaWNrJTI4ZnVuY3Rpb24lMjglMjklN0IlMEElMjAlMjAlMjAlMjAlMjAlMjAlMjAlMjAlMjB3aW5kb3cubG9jYXRpb24lM0RqUXVlcnklMjh0aGlzJTI5LmZpbmQlMjglMjJhJTIyJTI5LmF0dHIlMjglMjJocmVmJTIyJTI5JTNCJTBBJTIwJTIwJTIwJTIwJTIwJTIwJTIwJTIwJTIwcmV0dXJuJTIwZmFsc2UlM0IlMEElMjAlMjAlMjAlMjAlN0QlMjklM0IlMEElN0QlMjklM0IlMEElMjAlM0MlMkZzY3JpcHQlM0UlMEElM0NzY3JpcHQlMjB0eXBlJTNEJTIydGV4dCUyRmphdmFzY3JpcHQlMjIlM0UlMjAlMEElMEFqUXVlcnklMjhkb2N1bWVudCUyOS5yZWFkeSUyOGZ1bmN0aW9uJTI4JTI5JTIwJTdCJTBBJTIwJTIwJTIwJTIwalF1ZXJ5JTI4JTIyJTIzMyUyMiUyOS5jbGljayUyOGZ1bmN0aW9uJTI4JTI5JTdCJTBBJTIwJTIwJTIwJTIwJTIwJTIwJTIwJTIwJTIwd2luZG93LmxvY2F0aW9uJTNEalF1ZXJ5JTI4dGhpcyUyOS5maW5kJTI4JTIyYSUyMiUyOS5hdHRyJTI4JTIyaHJlZiUyMiUyOSUzQiUwQSUyMCUyMCUyMCUyMCUyMCUyMCUyMCUyMCUyMHJldHVybiUyMGZhbHNlJTNCJTBBJTIwJTIwJTIwJTIwJTdEJTI5JTNCJTBBJTdEJTI5JTNCJTBBJTIwJTNDJTJGc2NyaXB0JTNFJTBBJTNDc2NyaXB0JTIwdHlwZSUzRCUyMnRleHQlMkZqYXZhc2NyaXB0JTIyJTNFJTIwJTBBJTBBalF1ZXJ5JTI4ZG9jdW1lbnQlMjkucmVhZHklMjhmdW5jdGlvbiUyOCUyOSUyMCU3QiUwQSUyMCUyMCUyMCUyMGpRdWVyeSUyOCUyMiUyMzQlMjIlMjkuY2xpY2slMjhmdW5jdGlvbiUyOCUyOSU3QiUwQSUyMCUyMCUyMCUyMCUyMCUyMCUyMCUyMCUyMHdpbmRvdy5sb2NhdGlvbiUzRGpRdWVyeSUyOHRoaXMlMjkuZmluZCUyOCUyMmElMjIlMjkuYXR0ciUyOCUyMmhyZWYlMjIlMjklM0IlMEElMjAlMjAlMjAlMjAlMjAlMjAlMjAlMjAlMjByZXR1cm4lMjBmYWxzZSUzQiUwQSUyMCUyMCUyMCUyMCU3RCUyOSUzQiUwQSU3RCUyOSUzQiUwQSUyMCUzQyUyRnNjcmlwdCUzRSUwQSUzQ3NjcmlwdCUyMHR5cGUlM0QlMjJ0ZXh0JTJGamF2YXNjcmlwdCUyMiUzRSUyMCUwQSUwQWpRdWVyeSUyOGRvY3VtZW50JTI5LnJlYWR5JTI4ZnVuY3Rpb24lMjglMjklMjAlN0IlMEElMjAlMjAlMjAlMjBqUXVlcnklMjglMjIlMjM1JTIyJTI5LmNsaWNrJTI4ZnVuY3Rpb24lMjglMjklN0IlMEElMjAlMjAlMjAlMjAlMjAlMjAlMjAlMjAlMjB3aW5kb3cubG9jYXRpb24lM0RqUXVlcnklMjh0aGlzJTI5LmZpbmQlMjglMjJhJTIyJTI5LmF0dHIlMjglMjJocmVmJTIyJTI5JTNCJTBBJTIwJTIwJTIwJTIwJTIwJTIwJTIwJTIwJTIwcmV0dXJuJTIwZmFsc2UlM0IlMEElMjAlMjAlMjAlMjAlN0QlMjklM0IlMEElN0QlMjklM0IlMEElMjAlM0MlMkZzY3JpcHQlM0UlMEElM0NzY3JpcHQlMjB0eXBlJTNEJTIydGV4dCUyRmphdmFzY3JpcHQlMjIlM0UlMjAlMEElMEFqUXVlcnklMjhkb2N1bWVudCUyOS5yZWFkeSUyOGZ1bmN0aW9uJTI4JTI5JTIwJTdCJTBBJTIwJTIwJTIwJTIwalF1ZXJ5JTI4JTIyJTIzNiUyMiUyOS5jbGljayUyOGZ1bmN0aW9uJTI4JTI5JTdCJTBBJTIwJTIwJTIwJTIwJTIwJTIwJTIwJTIwJTIwd2luZG93LmxvY2F0aW9uJTNEalF1ZXJ5JTI4dGhpcyUyOS5maW5kJTI4JTIyYSUyMiUyOS5hdHRyJTI4JTIyaHJlZiUyMiUyOSUzQiUwQSUyMCUyMCUyMCUyMCUyMCUyMCUyMCUyMCUyMHJldHVybiUyMGZhbHNlJTNCJTBBJTIwJTIwJTIwJTIwJTdEJTI5JTNCJTBBJTdEJTI5JTNCJTBBJTIwJTNDJTJGc2NyaXB0JTNFJTBBJTNDc2NyaXB0JTIwdHlwZSUzRCUyMnRleHQlMkZqYXZhc2NyaXB0JTIyJTNFJTIwJTBBJTBBalF1ZXJ5JTI4ZG9jdW1lbnQlMjkucmVhZHklMjhmdW5jdGlvbiUyOCUyOSUyMCU3QiUwQSUyMCUyMCUyMCUyMGpRdWVyeSUyOCUyMiUyMzclMjIlMjkuY2xpY2slMjhmdW5jdGlvbiUyOCUyOSU3QiUwQSUyMCUyMCUyMCUyMCUyMCUyMCUyMCUyMCUyMHdpbmRvdy5sb2NhdGlvbiUzRGpRdWVyeSUyOHRoaXMlMjkuZmluZCUyOCUyMmElMjIlMjkuYXR0ciUyOCUyMmhyZWYlMjIlMjklM0IlMEElMjAlMjAlMjAlMjAlMjAlMjAlMjAlMjAlMjByZXR1cm4lMjBmYWxzZSUzQiUwQSUyMCUyMCUyMCUyMCU3RCUyOSUzQiUwQSU3RCUyOSUzQiUwQSUyMCUzQyUyRnNjcmlwdCUzRQ==[\/vc_raw_js][\/vc_column][\/vc_row]<\/p>\n<\/div>","protected":false},"excerpt":{"rendered":"<p>[vc_row css=&#8221;.vc_custom_1546451749487{margin-top: 0px !important;margin-bottom: 0px !important;border-top-width: 0px !important;border-bottom-width: 0px !important;padding-top: 0px !important;padding-bottom: 0px !important;}&#8221;][vc_column][vc_raw_html]JTBBJTIwJTIwJTIwJTIwJTIwJTIwJTIwJTIwJTIwJTIwJTIwJTIwJTIwJTIwJTIwJTIwJTIwJTIwJTIwJTIwJTIwJTIwJTIwJTIwJTNDaDElMjBzdHlsZSUzRCUyMnRleHQtYWxpZ24lM0FjZW50ZXIlM0IlMjIlM0VQcm9kb3R0aSUzQyUyRmgxJTNFJTBBJTIwJTIwJTNDaHIlMjBjbGFzcyUzRCUyMnBpY2NvbG9ociUyMiUzRQ==[\/vc_raw_html][vc_empty_space height=&#8221;15px&#8221;][vc_column_text] Tutti i nostri prodotti sono in vendita presso il Wine Shop aziendale e online. &nbsp; Orari di apertura Wine Shop: dal luned\u00ec a venerd\u00ec:\u00a0 \u00a0 9.30-12.30 \/ 15:30-18:30 Sabato: 9:30-12:30 Giorno di chiusura: Domeniche e festivi Il Wine Shop rimane<br class=\"read-more-spacer\"> <a class=\"more-link\" href=\"https:\/\/ilsosso.it\/it\/products\">Read More<\/a><\/p>\n","protected":false},"author":1,"featured_media":0,"parent":0,"menu_order":0,"comment_status":"closed","ping_status":"closed","template":"","meta":{"footnotes":""},"class_list":["post-1552","page","type-page","status-publish","hentry"],"_links":{"self":[{"href":"https:\/\/ilsosso.it\/it\/wp-json\/wp\/v2\/pages\/1552","targetHints":{"allow":["GET"]}}],"collection":[{"href":"https:\/\/ilsosso.it\/it\/wp-json\/wp\/v2\/pages"}],"about":[{"href":"https:\/\/ilsosso.it\/it\/wp-json\/wp\/v2\/types\/page"}],"author":[{"embeddable":true,"href":"https:\/\/ilsosso.it\/it\/wp-json\/wp\/v2\/users\/1"}],"replies":[{"embeddable":true,"href":"https:\/\/ilsosso.it\/it\/wp-json\/wp\/v2\/comments?post=1552"}],"version-history":[{"count":92,"href":"https:\/\/ilsosso.it\/it\/wp-json\/wp\/v2\/pages\/1552\/revisions"}],"predecessor-version":[{"id":3240,"href":"https:\/\/ilsosso.it\/it\/wp-json\/wp\/v2\/pages\/1552\/revisions\/3240"}],"wp:attachment":[{"href":"https:\/\/ilsosso.it\/it\/wp-json\/wp\/v2\/media?parent=1552"}],"curies":[{"name":"wp","href":"https:\/\/api.w.org\/{rel}","templated":true}]}}